{"id":2829,"date":"2019-09-10T10:25:28","date_gmt":"2019-09-10T10:25:28","guid":{"rendered":"https:\/\/littlevintage.pl\/?post_type=product&#038;p=2829"},"modified":"2023-09-26T19:56:51","modified_gmt":"2023-09-26T19:56:51","slug":"sukienka-oh-deer","status":"publish","type":"product","link":"https:\/\/littlevintage.pl\/en\/product\/sukienka-oh-deer\/","title":{"rendered":"Sukienka Oh Deer"},"content":{"rendered":"<p>Uszyta z bawe\u0142ny premium sukienka Oh Deer to urocza propozycja dla dziewczynek. Le\u015bne motywy na ciemnym tle spodobaj\u0105 si\u0119 ka\u017cdej ma\u0142ej dziewczynce. Paleta barw pozwala komponowa\u0107 sukienk\u0119 z dodatkami w wielu kolorach. Sukienka rozpinana jest na ca\u0142ej d\u0142ugo\u015bci, b\u0119dzie wi\u0119c wygodna r\u00f3wnie\u017c dla niemowl\u0105t.<\/p>\n<p>&nbsp;<\/p>\n<p><strong>Ka\u017cdy produkt szyjemy specjalnie dla Ciebie, dlatego czas realizacji wynosi 7-10 dni roboczych. Wiemy, \u017ce to niema\u0142o, ale na dobre rzeczy warto poczeka\u0107\u00a0<img class=\"emoji\" role=\"img\" draggable=\"false\" src=\"https:\/\/s.w.org\/images\/core\/emoji\/13.0.1\/svg\/1f609.svg\" alt=\"&#x1f609;\" \/>\u00a0Jednak, je\u015bli potrzebujesz czego\u015b na ju\u017c, napisz na\u00a0<a href=\"mailto:kontakt@littlevintage.pl\">kontakt@littlevintage.pl<\/a>\u00a0, zrobimy co si\u0119 da \u017ceby pom\u00f3c!<\/strong><\/p>","protected":false},"excerpt":{"rendered":"<p>Uszyta z bawe\u0142ny premium sukienka Oh Deer.<\/p>\n<p>Czas realizacji wynosi <strong>7-10 dni roboczych.<\/strong><\/p>\n<p><strong>Je\u015bli dopiero nas odkry\u0142a\u015b a sukienki potrzebujesz na ju\u017c, teraz, zaraz, pisz na<\/strong> <a href=\"mailto:kontakt@littlevintage.pl\"><b>kontakt@littlevintage.pl<\/b><\/a>\u00a0 : )<\/p>","protected":false},"featured_media":2836,"comment_status":"closed","ping_status":"closed","template":"","meta":{"_exactmetrics_skip_tracking":false,"_exactmetrics_sitenote_active":false,"_exactmetrics_sitenote_note":"","_exactmetrics_sitenote_category":0},"product_cat":[114,127,241],"product_tag":[23],"_links":{"self":[{"href":"https:\/\/littlevintage.pl\/en\/wp-json\/wp\/v2\/product\/2829"}],"collection":[{"href":"https:\/\/littlevintage.pl\/en\/wp-json\/wp\/v2\/product"}],"about":[{"href":"https:\/\/littlevintage.pl\/en\/wp-json\/wp\/v2\/types\/product"}],"replies":[{"embeddable":true,"href":"https:\/\/littlevintage.pl\/en\/wp-json\/wp\/v2\/comments?post=2829"}],"version-history":[{"count":3,"href":"https:\/\/littlevintage.pl\/en\/wp-json\/wp\/v2\/product\/2829\/revisions"}],"predecessor-version":[{"id":7373,"href":"https:\/\/littlevintage.pl\/en\/wp-json\/wp\/v2\/product\/2829\/revisions\/7373"}],"wp:featuredmedia":[{"embeddable":true,"href":"https:\/\/littlevintage.pl\/en\/wp-json\/wp\/v2\/media\/2836"}],"wp:attachment":[{"href":"https:\/\/littlevintage.pl\/en\/wp-json\/wp\/v2\/media?parent=2829"}],"wp:term":[{"taxonomy":"product_cat","embeddable":true,"href":"https:\/\/littlevintage.pl\/en\/wp-json\/wp\/v2\/product_cat?post=2829"},{"taxonomy":"product_tag","embeddable":true,"href":"https:\/\/littlevintage.pl\/en\/wp-json\/wp\/v2\/product_tag?post=2829"}],"curies":[{"name":"wp","href":"https:\/\/api.w.org\/{rel}","templated":true}]}}