{"id":2815,"date":"2019-09-10T10:13:34","date_gmt":"2019-09-10T10:13:34","guid":{"rendered":"https:\/\/littlevintage.pl\/?post_type=product&#038;p=2815"},"modified":"2023-09-26T19:57:14","modified_gmt":"2023-09-26T19:57:14","slug":"rampers-golden-meadow","status":"publish","type":"product","link":"https:\/\/littlevintage.pl\/en\/product\/rampers-golden-meadow\/","title":{"rendered":"Rampers Golden Meadow"},"content":{"rendered":"<div class=\"woocommerce-tabs wc-tabs-wrapper\">\n<div id=\"tab-description\" class=\"woocommerce-Tabs-panel woocommerce-Tabs-panel--description panel entry-content wc-tab\" role=\"tabpanel\" aria-labelledby=\"tab-title-description\">\n<p>Uszyty z bawe\u0142ny premium rampers Golden Meadow.\u00a0 Zapinany na guziki z naturalnego kokosa. Idealna alternatywa dla sukienki, kt\u00f3ra w przypadku malutkich dziewczynek nie zawsze si\u0119 sprawdza. B\u0119dzie wi\u0119c idealnym wyborem dla niemowl\u0105t i m\u0142odszych dzieci.<\/p>\n<\/div>\n<\/div>\n<section class=\"up-sells upsells products\">\n<h2><\/h2>\n<\/section>","protected":false},"excerpt":{"rendered":"<p>Uszyty z bawe\u0142ny premium rampers Golden Meadow.<\/p>\n<p>Czas realizacji wynosi <strong>14 dni roboczych.<\/strong><\/p>\n<p><strong>Je\u015bli dopiero nas odkry\u0142a\u015b a sukienki potrzebujesz na ju\u017c, teraz, zaraz, pisz na<\/strong> <a href=\"mailto:kontakt@littlevintage.pl\"><b>kontakt@littlevintage.pl<\/b><\/a>\u00a0 : )<\/p>","protected":false},"featured_media":2823,"comment_status":"closed","ping_status":"closed","template":"","meta":{"_exactmetrics_skip_tracking":false,"_exactmetrics_sitenote_active":false,"_exactmetrics_sitenote_note":"","_exactmetrics_sitenote_category":0},"product_cat":[15],"product_tag":[35,37,59,66,67,36],"_links":{"self":[{"href":"https:\/\/littlevintage.pl\/en\/wp-json\/wp\/v2\/product\/2815"}],"collection":[{"href":"https:\/\/littlevintage.pl\/en\/wp-json\/wp\/v2\/product"}],"about":[{"href":"https:\/\/littlevintage.pl\/en\/wp-json\/wp\/v2\/types\/product"}],"replies":[{"embeddable":true,"href":"https:\/\/littlevintage.pl\/en\/wp-json\/wp\/v2\/comments?post=2815"}],"version-history":[{"count":2,"href":"https:\/\/littlevintage.pl\/en\/wp-json\/wp\/v2\/product\/2815\/revisions"}],"predecessor-version":[{"id":4315,"href":"https:\/\/littlevintage.pl\/en\/wp-json\/wp\/v2\/product\/2815\/revisions\/4315"}],"wp:featuredmedia":[{"embeddable":true,"href":"https:\/\/littlevintage.pl\/en\/wp-json\/wp\/v2\/media\/2823"}],"wp:attachment":[{"href":"https:\/\/littlevintage.pl\/en\/wp-json\/wp\/v2\/media?parent=2815"}],"wp:term":[{"taxonomy":"product_cat","embeddable":true,"href":"https:\/\/littlevintage.pl\/en\/wp-json\/wp\/v2\/product_cat?post=2815"},{"taxonomy":"product_tag","embeddable":true,"href":"https:\/\/littlevintage.pl\/en\/wp-json\/wp\/v2\/product_tag?post=2815"}],"curies":[{"name":"wp","href":"https:\/\/api.w.org\/{rel}","templated":true}]}}