{"id":2802,"date":"2019-09-09T21:47:51","date_gmt":"2019-09-09T21:47:51","guid":{"rendered":"https:\/\/littlevintage.pl\/?post_type=product&#038;p=2802"},"modified":"2024-11-11T15:05:03","modified_gmt":"2024-11-11T15:05:03","slug":"sukienka-astrid","status":"publish","type":"product","link":"https:\/\/littlevintage.pl\/en\/product\/sukienka-astrid\/","title":{"rendered":"Sukienka Astrid"},"content":{"rendered":"<p>Astrid to bestseller poprzednich sezon\u00f3w, a teraz wraca w nowej ods\u0142onie. Uszyta z mi\u0119kkiego lnu w kolorze bordo, a na klasycznym ko\u0142nierzyku bebe wyhaftowali\u015bmy urocze r\u00f3\u017cyczki. Pi\u0119knie wpisze si\u0119 w klimat jesiennych uroczysto\u015bci, b\u0119dzie te\u017c wygodnym wyborem na co dzie\u0144. Len ma \u015bwietne w\u0142a\u015bciwo\u015bci, przede wszystkim pozwala sk\u00f3rze oddycha\u0107, dlatego jest bezpieczny dla niemowl\u0105t i starszych dzieci.<\/p>\n<p>Astrid jest rozpinana z ty\u0142u, na ca\u0142ej d\u0142ugo\u015bci, na guziczki z naturalnego kokosa.<\/p>\n<p><strong>Ka\u017cdy produkt szyjemy specjalnie dla Ciebie, dlatego czas realizacji wynosi 14 dni roboczych. Wiemy, \u017ce to niema\u0142o, ale na dobre rzeczy warto poczeka\u0107 \ud83d\ude09 Jednak, je\u015bli potrzebujesz czego\u015b na ju\u017c, napisz na <a href=\"mailto:kontakt@littlevintage.pl\">kontakt@littlevintage.pl<\/a> , zrobimy co si\u0119 da \u017ceby pom\u00f3c!<\/strong><\/p>","protected":false},"excerpt":{"rendered":"<p>Astrid to bestseller poprzednich sezon\u00f3w, a teraz wraca w nowej ods\u0142onie.<\/p>\n<ul>\n<li>uszyta i zaprojektowana w Polsce<\/li>\n<li>czas realizacji wynosi <strong>14 dni<\/strong> roboczych.<br \/>\nWiemy, \u017ce to niema\u0142o, ale na dobre rzeczy warto poczeka\u0107 : )<\/li>\n<li>masz <strong>30 dni na zwrot\u00a0<\/strong><\/li>\n<li>dostawa do Polski za 17 z\u0142 kurierem DPD<\/li>\n<li>darmowa wysy\u0142ka powy\u017cej <strong>350 z\u0142<\/strong><\/li>\n<li>wysy\u0142amy za granic\u0119!<\/li>\n<\/ul>\n<p>&nbsp;<\/p>","protected":false},"featured_media":4776,"comment_status":"open","ping_status":"closed","template":"","meta":{"_exactmetrics_skip_tracking":false,"_exactmetrics_sitenote_active":false,"_exactmetrics_sitenote_note":"","_exactmetrics_sitenote_category":0},"product_cat":[20,122,120,114,127],"product_tag":[103,32,101,38,23],"_links":{"self":[{"href":"https:\/\/littlevintage.pl\/en\/wp-json\/wp\/v2\/product\/2802"}],"collection":[{"href":"https:\/\/littlevintage.pl\/en\/wp-json\/wp\/v2\/product"}],"about":[{"href":"https:\/\/littlevintage.pl\/en\/wp-json\/wp\/v2\/types\/product"}],"replies":[{"embeddable":true,"href":"https:\/\/littlevintage.pl\/en\/wp-json\/wp\/v2\/comments?post=2802"}],"version-history":[{"count":9,"href":"https:\/\/littlevintage.pl\/en\/wp-json\/wp\/v2\/product\/2802\/revisions"}],"predecessor-version":[{"id":7819,"href":"https:\/\/littlevintage.pl\/en\/wp-json\/wp\/v2\/product\/2802\/revisions\/7819"}],"wp:featuredmedia":[{"embeddable":true,"href":"https:\/\/littlevintage.pl\/en\/wp-json\/wp\/v2\/media\/4776"}],"wp:attachment":[{"href":"https:\/\/littlevintage.pl\/en\/wp-json\/wp\/v2\/media?parent=2802"}],"wp:term":[{"taxonomy":"product_cat","embeddable":true,"href":"https:\/\/littlevintage.pl\/en\/wp-json\/wp\/v2\/product_cat?post=2802"},{"taxonomy":"product_tag","embeddable":true,"href":"https:\/\/littlevintage.pl\/en\/wp-json\/wp\/v2\/product_tag?post=2802"}],"curies":[{"name":"wp","href":"https:\/\/api.w.org\/{rel}","templated":true}]}}