{"id":2432,"date":"2019-06-08T20:21:57","date_gmt":"2019-06-08T20:21:57","guid":{"rendered":"https:\/\/littlevintage.pl\/?post_type=product&#038;p=2432"},"modified":"2022-05-20T00:05:09","modified_gmt":"2022-05-20T00:05:09","slug":"sukienka-bianca-krotki-rekaw","status":"publish","type":"product","link":"https:\/\/littlevintage.pl\/en\/product\/sukienka-bianca-krotki-rekaw\/","title":{"rendered":"Sukienka Bianca Short"},"content":{"rendered":"<p>Klasyczna, skromna, wyj\u0105tkowa w swej prostocie. Zmi\u0119kczany len w kolorze \u015bmietankowej bieli podkre\u015bli wag\u0119 wyj\u0105tkowego wydarzenia, jakim jest Chrzest \u015awi\u0119ty. Po uroczysto\u015bci b\u0119dzie mo\u017cna ubra\u0107 sukienk\u0119 jeszcze wiele razy. Len jest niezwykle wygodn\u0105 i wytrzyma\u0142\u0105 tkanin\u0105, a biel to przecie\u017c baza do wszelkich zestaw\u00f3w, r\u00f3wnie\u017c niemowl\u0119cych.<\/p>\n<p><strong>Uwaga<\/strong>: Ze wzgl\u0119du na wygod\u0119 najmniejszych dziewczynek, sukienka w rozmiarze <strong>62\/68<\/strong> jest z ty\u0142u rozpinana na ca\u0142ej d\u0142ugo\u015bci a kokardka do\u0142\u0105czana jest osobno do zam\u00f3wienia.<\/p>","protected":false},"excerpt":{"rendered":"<p><span style=\"font-weight: 400;\">Bia\u0142a sukienka od chrztu z klasycznym ko\u0142nierzykiem.<\/span><\/p>\n<p>Produkt szyty jest specjalnie dla Ciebie, dlatego czas realizacji wynosi <strong>do 14 dni roboczych<\/strong>. Jednak\u017ce staramy si\u0119, aby dotar\u0142 jak najszybciej.<\/p>\n<p>Produkt w ca\u0142o\u015bci wykonany r\u0119cznie, w Polsce.<\/p>\n<p>&nbsp;<\/p>\n<p><b>Je\u015bli chcesz, aby\u015bmy wys\u0142ali ten produkt za granic\u0119, napisz na\u00a0<\/b><a href=\"mailto:kontakt@littlevintage.pl\"><b>kontakt@littlevintage.pl<\/b><\/a><\/p>","protected":false},"featured_media":2439,"comment_status":"closed","ping_status":"closed","template":"","meta":{"_exactmetrics_skip_tracking":false,"_exactmetrics_sitenote_active":false,"_exactmetrics_sitenote_note":"","_exactmetrics_sitenote_category":0},"product_cat":[15,225],"product_tag":[74,48,35,32,33,38,75,34,36],"_links":{"self":[{"href":"https:\/\/littlevintage.pl\/en\/wp-json\/wp\/v2\/product\/2432"}],"collection":[{"href":"https:\/\/littlevintage.pl\/en\/wp-json\/wp\/v2\/product"}],"about":[{"href":"https:\/\/littlevintage.pl\/en\/wp-json\/wp\/v2\/types\/product"}],"replies":[{"embeddable":true,"href":"https:\/\/littlevintage.pl\/en\/wp-json\/wp\/v2\/comments?post=2432"}],"version-history":[{"count":2,"href":"https:\/\/littlevintage.pl\/en\/wp-json\/wp\/v2\/product\/2432\/revisions"}],"predecessor-version":[{"id":7908,"href":"https:\/\/littlevintage.pl\/en\/wp-json\/wp\/v2\/product\/2432\/revisions\/7908"}],"wp:featuredmedia":[{"embeddable":true,"href":"https:\/\/littlevintage.pl\/en\/wp-json\/wp\/v2\/media\/2439"}],"wp:attachment":[{"href":"https:\/\/littlevintage.pl\/en\/wp-json\/wp\/v2\/media?parent=2432"}],"wp:term":[{"taxonomy":"product_cat","embeddable":true,"href":"https:\/\/littlevintage.pl\/en\/wp-json\/wp\/v2\/product_cat?post=2432"},{"taxonomy":"product_tag","embeddable":true,"href":"https:\/\/littlevintage.pl\/en\/wp-json\/wp\/v2\/product_tag?post=2432"}],"curies":[{"name":"wp","href":"https:\/\/api.w.org\/{rel}","templated":true}]}}