{"id":2422,"date":"2019-06-08T20:18:39","date_gmt":"2019-06-08T20:18:39","guid":{"rendered":"https:\/\/littlevintage.pl\/?post_type=product&#038;p=2422"},"modified":"2022-04-29T08:00:17","modified_gmt":"2022-04-29T08:00:17","slug":"sukienka-alba-krotki-rekaw","status":"publish","type":"product","link":"https:\/\/littlevintage.pl\/en\/product\/sukienka-alba-krotki-rekaw\/","title":{"rendered":"Sukienka Alba Kr\u00f3tki R\u0119kaw"},"content":{"rendered":"<p>S\u0142odka, delikatna, klasyczna sukienka z bia\u0142ego lnu. Wyko\u0144czona delikatn\u0105 falbank\u0105, b\u0119dzie idealnym wyborem do Chrztu \u015awi\u0119tego.<\/p>\n<p>W komplecie z bia\u0142\u0105 lnian\u0105 bonetk\u0105 stworzy pi\u0119kny zestaw.<\/p>","protected":false},"excerpt":{"rendered":"<p><span style=\"font-weight: 400;\">Urocza lniana sukienka Alba.<\/span><\/p>\n<p><span style=\"font-weight: 400;\">Produkt szyty jest specjalnie dla Ciebie, dlatego czas realizacji wynosi<strong> do 14 dni roboczych<\/strong>. Jednak\u017ce staramy si\u0119, aby dotar\u0142 jak najszybciej.\u00a0<\/span><\/p>\n<p>Produkt w ca\u0142o\u015bci wykonany r\u0119cznie, w Polsce.<\/p>\n<p><span style=\"font-weight: 400;\"><b>Je\u015bli chcesz, aby\u015bmy wys\u0142ali ten produkt za granic\u0119, napisz na <\/b><a href=\"mailto:kontakt@littlevintage.pl\"><b>kontakt@littlevintage.pl<\/b><\/a><\/span><\/p>","protected":false},"featured_media":2428,"comment_status":"closed","ping_status":"closed","template":"","meta":{"_exactmetrics_skip_tracking":false,"_exactmetrics_sitenote_active":false,"_exactmetrics_sitenote_note":"","_exactmetrics_sitenote_category":0},"product_cat":[15,20,122,114,127],"product_tag":[48,35,37,32,59,34,36],"_links":{"self":[{"href":"https:\/\/littlevintage.pl\/en\/wp-json\/wp\/v2\/product\/2422"}],"collection":[{"href":"https:\/\/littlevintage.pl\/en\/wp-json\/wp\/v2\/product"}],"about":[{"href":"https:\/\/littlevintage.pl\/en\/wp-json\/wp\/v2\/types\/product"}],"replies":[{"embeddable":true,"href":"https:\/\/littlevintage.pl\/en\/wp-json\/wp\/v2\/comments?post=2422"}],"version-history":[{"count":1,"href":"https:\/\/littlevintage.pl\/en\/wp-json\/wp\/v2\/product\/2422\/revisions"}],"predecessor-version":[{"id":2431,"href":"https:\/\/littlevintage.pl\/en\/wp-json\/wp\/v2\/product\/2422\/revisions\/2431"}],"wp:featuredmedia":[{"embeddable":true,"href":"https:\/\/littlevintage.pl\/en\/wp-json\/wp\/v2\/media\/2428"}],"wp:attachment":[{"href":"https:\/\/littlevintage.pl\/en\/wp-json\/wp\/v2\/media?parent=2422"}],"wp:term":[{"taxonomy":"product_cat","embeddable":true,"href":"https:\/\/littlevintage.pl\/en\/wp-json\/wp\/v2\/product_cat?post=2422"},{"taxonomy":"product_tag","embeddable":true,"href":"https:\/\/littlevintage.pl\/en\/wp-json\/wp\/v2\/product_tag?post=2422"}],"curies":[{"name":"wp","href":"https:\/\/api.w.org\/{rel}","templated":true}]}}