{"id":1965,"date":"2019-03-17T11:45:27","date_gmt":"2019-03-17T11:45:27","guid":{"rendered":"https:\/\/littlevintage.pl\/?post_type=product&#038;p=1965"},"modified":"2023-09-26T19:59:11","modified_gmt":"2023-09-26T19:59:11","slug":"rampers-alma","status":"publish","type":"product","link":"https:\/\/littlevintage.pl\/en\/product\/rampers-alma\/","title":{"rendered":"Rampers Alma"},"content":{"rendered":"<p>Rampers z haftowanego w kwiaty batystu. Delikatny, subtelny, pi\u0119knie podkre\u015bla to, jak niewinne s\u0105 nasze dzieci.<\/p>\n<p>Dzi\u0119ki guziczkom w kroku i z ty\u0142u jest praktyczny. B\u0119dzie te\u017c \u015bwietn\u0105 alternatyw\u0105 dla raczkuj\u0105cych Dziewczynek, kt\u00f3rym sukienka mo\u017ce przeszkadza\u0107 w odkrywaniu \u015bwiata. Razem z bonetk\u0105 Alma tworz\u0105 pi\u0119kny zestaw na ciep\u0142e, wiosenne dni.<\/p>","protected":false},"excerpt":{"rendered":"<p>Rampers Alma z haftowanego batystu.<\/p>\n<p><span style=\"font-weight: 400;\">Produkt szyty jest specjalnie dla Ciebie, dlatego czas realizacji wynosi <strong>do 14 dni roboczych<\/strong>. Jednak\u017ce staramy si\u0119, aby dotar\u0142 jak najszybciej.\u00a0<\/span><\/p>\n<p>Produkt w ca\u0142o\u015bci wykonany r\u0119cznie, w Polsce.<\/p>\n<p><span style=\"font-weight: 400;\"><b>Je\u015bli chcesz, aby\u015bmy wys\u0142ali ten produkt za granic\u0119, napisz na <\/b><a href=\"mailto:kontakt@littlevintage.pl\"><b>kontakt@littlevintage.pl<\/b><\/a><\/span><\/p>","protected":false},"featured_media":1973,"comment_status":"closed","ping_status":"closed","template":"","meta":{"_exactmetrics_skip_tracking":false,"_exactmetrics_sitenote_active":false,"_exactmetrics_sitenote_note":"","_exactmetrics_sitenote_category":0},"product_cat":[15],"product_tag":[86,48,35,37,87,59,66,36],"_links":{"self":[{"href":"https:\/\/littlevintage.pl\/en\/wp-json\/wp\/v2\/product\/1965"}],"collection":[{"href":"https:\/\/littlevintage.pl\/en\/wp-json\/wp\/v2\/product"}],"about":[{"href":"https:\/\/littlevintage.pl\/en\/wp-json\/wp\/v2\/types\/product"}],"replies":[{"embeddable":true,"href":"https:\/\/littlevintage.pl\/en\/wp-json\/wp\/v2\/comments?post=1965"}],"version-history":[{"count":1,"href":"https:\/\/littlevintage.pl\/en\/wp-json\/wp\/v2\/product\/1965\/revisions"}],"predecessor-version":[{"id":1977,"href":"https:\/\/littlevintage.pl\/en\/wp-json\/wp\/v2\/product\/1965\/revisions\/1977"}],"wp:featuredmedia":[{"embeddable":true,"href":"https:\/\/littlevintage.pl\/en\/wp-json\/wp\/v2\/media\/1973"}],"wp:attachment":[{"href":"https:\/\/littlevintage.pl\/en\/wp-json\/wp\/v2\/media?parent=1965"}],"wp:term":[{"taxonomy":"product_cat","embeddable":true,"href":"https:\/\/littlevintage.pl\/en\/wp-json\/wp\/v2\/product_cat?post=1965"},{"taxonomy":"product_tag","embeddable":true,"href":"https:\/\/littlevintage.pl\/en\/wp-json\/wp\/v2\/product_tag?post=1965"}],"curies":[{"name":"wp","href":"https:\/\/api.w.org\/{rel}","templated":true}]}}