{"id":1704,"date":"2019-02-21T18:18:59","date_gmt":"2019-02-21T18:18:59","guid":{"rendered":"https:\/\/littlevintage.pl\/?post_type=product&#038;p=1704"},"modified":"2023-09-26T19:59:18","modified_gmt":"2023-09-26T19:59:18","slug":"sukienka-alma","status":"publish","type":"product","link":"https:\/\/littlevintage.pl\/en\/product\/sukienka-alma\/","title":{"rendered":"Sukienka Alma"},"content":{"rendered":"<p>Delikatna, wyra\u017ca niewinno\u015b\u0107. Jest wyj\u0105tkowa. Batystowa, haftowana w pi\u0119kne kwiaty. Szyta r\u0119cznie z najwi\u0119ksz\u0105 trosk\u0105 o idealne wyko\u0144czenie.<\/p>\n<p>Naturalna tkanina zapewni komfort i odpowiedni\u0105 termoregulacj\u0119. B\u0119dzie doskona\u0142ym wyborem jako sukienka do Chrztu \u015awi\u0119tego, szczeg\u00f3lnie w komplecie z bonetk\u0105 z tej samej tkaniny. Ale \u015bwietnie pos\u0142u\u017cy r\u00f3wnie\u017c po ceremonii, w my\u015bl zasady: aby nosi\u0107 ubranka Little Vintage jak najcz\u0119\u015bciej.<\/p>\n<p>Skromno\u015b\u0107 i delikatno\u015b\u0107 tej sukienki to wielka zaleta. W ko\u0144cu to ubrana w ni\u0105 male\u0144ka dziewczynka jest najwa\u017cniejsza na \u015bwiecie.<\/p>","protected":false},"excerpt":{"rendered":"<p><span style=\"font-weight: 400;\">Haftowana sukienka Alma. Delikatna i po prostu wyj\u0105tkowa.\u00a0<\/span><\/p>\n<p><span style=\"font-weight: 400;\">Produkt szyty jest specjalnie dla Ciebie, dlatego czas realizacji wynosi<strong> do 14 dni roboczych<\/strong>. Jednak\u017ce staramy si\u0119, aby dotar\u0142 jak najszybciej.\u00a0<\/span><\/p>\n<p>Produkt w ca\u0142o\u015bci wykonany r\u0119cznie, w Polsce.<\/p>\n<p><span style=\"font-weight: 400;\"><b>Je\u015bli chcesz, aby\u015bmy wys\u0142ali ten produkt za granic\u0119, napisz na <\/b><a href=\"mailto:kontakt@littlevintage.pl\"><b>kontakt@littlevintage.pl<\/b><\/a><\/span><\/p>","protected":false},"featured_media":1713,"comment_status":"closed","ping_status":"closed","template":"","meta":{"_exactmetrics_skip_tracking":false,"_exactmetrics_sitenote_active":false,"_exactmetrics_sitenote_note":"","_exactmetrics_sitenote_category":0},"product_cat":[15],"product_tag":[48,35,37,32,59,34,36],"_links":{"self":[{"href":"https:\/\/littlevintage.pl\/en\/wp-json\/wp\/v2\/product\/1704"}],"collection":[{"href":"https:\/\/littlevintage.pl\/en\/wp-json\/wp\/v2\/product"}],"about":[{"href":"https:\/\/littlevintage.pl\/en\/wp-json\/wp\/v2\/types\/product"}],"replies":[{"embeddable":true,"href":"https:\/\/littlevintage.pl\/en\/wp-json\/wp\/v2\/comments?post=1704"}],"version-history":[{"count":2,"href":"https:\/\/littlevintage.pl\/en\/wp-json\/wp\/v2\/product\/1704\/revisions"}],"predecessor-version":[{"id":1737,"href":"https:\/\/littlevintage.pl\/en\/wp-json\/wp\/v2\/product\/1704\/revisions\/1737"}],"wp:featuredmedia":[{"embeddable":true,"href":"https:\/\/littlevintage.pl\/en\/wp-json\/wp\/v2\/media\/1713"}],"wp:attachment":[{"href":"https:\/\/littlevintage.pl\/en\/wp-json\/wp\/v2\/media?parent=1704"}],"wp:term":[{"taxonomy":"product_cat","embeddable":true,"href":"https:\/\/littlevintage.pl\/en\/wp-json\/wp\/v2\/product_cat?post=1704"},{"taxonomy":"product_tag","embeddable":true,"href":"https:\/\/littlevintage.pl\/en\/wp-json\/wp\/v2\/product_tag?post=1704"}],"curies":[{"name":"wp","href":"https:\/\/api.w.org\/{rel}","templated":true}]}}