{"id":1689,"date":"2019-02-20T21:47:43","date_gmt":"2019-02-20T21:47:43","guid":{"rendered":"https:\/\/littlevintage.pl\/?post_type=product&#038;p=1689"},"modified":"2023-09-26T19:59:26","modified_gmt":"2023-09-26T19:59:26","slug":"ogrodniczki-finn-krata","status":"publish","type":"product","link":"https:\/\/littlevintage.pl\/en\/product\/ogrodniczki-finn-krata\/","title":{"rendered":"Ogrodniczki Finn Krata"},"content":{"rendered":"<p>Troch\u0119 zadziorne i \u0142obuzerskie, ale te\u017c s\u0142odkie i urocze, tak jak nasze dzieci! Przywo\u0142uj\u0105 na my\u015bl posta\u0107 z powie\u015bci Marka Twaine&#8217;a. Wykonane z mi\u0119kkiego i wygodnego lnu. Oddychaj\u0105, reguluj\u0105 temperatur\u0119 cia\u0142a i daj\u0105 komfort noszenia. S\u0105 mi\u0119ciutkie i wygodne, nie drapi\u0105 i nie s\u0105 sztywne. Mo\u017cna w nie wystroi\u0107 na wa\u017cn\u0105 uroczysto\u015b\u0107 i za\u0142o\u017cy\u0107 w zwyk\u0142y dzie\u0144. Krata z przewag\u0105 granatu, ale z dodatkiem popielu i rudego daje wiele mo\u017cliwo\u015bci dla doboru dodatk\u00f3w. Jednak prosta bia\u0142a koszula lub body b\u0119d\u0105 idealne! Dla siostry mo\u017cna dobra\u0107 sukienk\u0119 z tej samej tkaniny. Taki zestaw pi\u0119knie podkre\u015bli wi\u0119\u017a mi\u0119dzy rodze\u0144stwem. A mo\u017ce s\u0142odkie ogrodniczki dla dziewczynki? Czemu nie! Przecie\u017c dziewczynki chodz\u0105 nie tylko w sukienkach&#8230;<\/p>","protected":false},"excerpt":{"rendered":"<p>Ogrodniczki Finn w krat\u0119. Dla s\u0142odkich \u0141obuz\u00f3w.<\/p>\n<p>Szyte r\u0119cznie specjalnie dla Twojego Maluszka, dlatego <strong>czas oczekiwania wynosi<\/strong> <strong>oko\u0142o 10 dni roboczych<\/strong>.<\/p>\n<p>Je\u015bli chcesz, aby produkt zosta\u0142 wys\u0142any za granic\u0119, lub masz jakie\u015b pytania pisz \u015bmia\u0142o: kontakt@littlevintage.pl<\/p>","protected":false},"featured_media":2382,"comment_status":"closed","ping_status":"closed","template":"","meta":{"_exactmetrics_skip_tracking":false,"_exactmetrics_sitenote_active":false,"_exactmetrics_sitenote_note":"","_exactmetrics_sitenote_category":0},"product_cat":[29],"product_tag":[],"_links":{"self":[{"href":"https:\/\/littlevintage.pl\/en\/wp-json\/wp\/v2\/product\/1689"}],"collection":[{"href":"https:\/\/littlevintage.pl\/en\/wp-json\/wp\/v2\/product"}],"about":[{"href":"https:\/\/littlevintage.pl\/en\/wp-json\/wp\/v2\/types\/product"}],"replies":[{"embeddable":true,"href":"https:\/\/littlevintage.pl\/en\/wp-json\/wp\/v2\/comments?post=1689"}],"version-history":[{"count":2,"href":"https:\/\/littlevintage.pl\/en\/wp-json\/wp\/v2\/product\/1689\/revisions"}],"predecessor-version":[{"id":1701,"href":"https:\/\/littlevintage.pl\/en\/wp-json\/wp\/v2\/product\/1689\/revisions\/1701"}],"wp:featuredmedia":[{"embeddable":true,"href":"https:\/\/littlevintage.pl\/en\/wp-json\/wp\/v2\/media\/2382"}],"wp:attachment":[{"href":"https:\/\/littlevintage.pl\/en\/wp-json\/wp\/v2\/media?parent=1689"}],"wp:term":[{"taxonomy":"product_cat","embeddable":true,"href":"https:\/\/littlevintage.pl\/en\/wp-json\/wp\/v2\/product_cat?post=1689"},{"taxonomy":"product_tag","embeddable":true,"href":"https:\/\/littlevintage.pl\/en\/wp-json\/wp\/v2\/product_tag?post=1689"}],"curies":[{"name":"wp","href":"https:\/\/api.w.org\/{rel}","templated":true}]}}