{"id":1669,"date":"2019-02-19T11:27:54","date_gmt":"2019-02-19T11:27:54","guid":{"rendered":"https:\/\/littlevintage.pl\/?post_type=product&#038;p=1669"},"modified":"2022-04-26T10:35:48","modified_gmt":"2022-04-26T10:35:48","slug":"ogrodniczki-little-finn-popiel","status":"publish","type":"product","link":"https:\/\/littlevintage.pl\/en\/product\/ogrodniczki-little-finn-popiel\/","title":{"rendered":"Ogrodniczki Little Finn Popiel"},"content":{"rendered":"<p>Ogrodniczki dla tych najmniejszych, s\u0142odkie i praktyczne. Wykonane ze zmi\u0119kczanego lnu. Oddychaj\u0105, reguluj\u0105 temperatur\u0119 cia\u0142a i daj\u0105 komfort maluszkowi. S\u0105 mi\u0119ciutkie i wygodne, nie drapi\u0105 i nie s\u0105 sztywne. Zapinane na kokosowe guziki. Nadaj\u0105 si\u0119 na specjalne okazje, ale i na co dzie\u0144. W odcieniu ciep\u0142ego popielu, b\u0119d\u0105 idealn\u0105 baz\u0105 do wszelkich zestawie\u0144 kolorystycznych. A mo\u017ce s\u0142odkie ogrodniczki dla dziewczynki? Czemu nie! Przecie\u017c dziewczynki chodz\u0105 nie tylko w sukienkach&#8230;<\/p>\n<p><strong>Ka\u017cdy produkt szyjemy specjalnie dla Ciebie, dlatego czas realizacji wynosi 14 dni roboczych. Wiemy, \u017ce to niema\u0142o, ale na dobre rzeczy warto poczeka\u0107 \ud83d\ude09 Jednak, je\u015bli potrzebujesz czego\u015b na ju\u017c, napisz na <a href=\"mailto:kontakt@littlevintage.pl\">kontakt@littlevintage.pl<\/a> , zrobimy co si\u0119 da \u017ceby pom\u00f3c!<\/strong><\/p>","protected":false},"excerpt":{"rendered":"<p>Ogrodniczki w odcieniu ciep\u0142ego popielu dla tych najmniejszych, s\u0142odkie i praktyczne.<\/p>\n<ul>\n<li>uszyte i zaprojektowane w Polsce<\/li>\n<li>czas realizacji wynosi <strong>14 dni<\/strong> roboczych.<br \/>\nWiemy, \u017ce to niema\u0142o, ale na dobre rzeczy warto poczeka\u0107 : )<\/li>\n<li>masz <strong>30 dni na zwrot\u00a0<\/strong><\/li>\n<li>dostawa do Polski za 17 z\u0142 kurierem DPD<\/li>\n<li>darmowa wysy\u0142ka powy\u017cej <strong>350 z\u0142<\/strong><\/li>\n<li>wysy\u0142amy za granic\u0119!<\/li>\n<\/ul>\n<p>Je\u015bli chcesz, aby produkt zosta\u0142 wys\u0142any za granic\u0119, lub masz jakie\u015b pytania pisz \u015bmia\u0142o: kontakt@littlevintage.pl<\/p>","protected":false},"featured_media":1787,"comment_status":"closed","ping_status":"closed","template":"","meta":{"_exactmetrics_skip_tracking":false,"_exactmetrics_sitenote_active":false,"_exactmetrics_sitenote_note":"","_exactmetrics_sitenote_category":0},"product_cat":[15],"product_tag":[],"_links":{"self":[{"href":"https:\/\/littlevintage.pl\/en\/wp-json\/wp\/v2\/product\/1669"}],"collection":[{"href":"https:\/\/littlevintage.pl\/en\/wp-json\/wp\/v2\/product"}],"about":[{"href":"https:\/\/littlevintage.pl\/en\/wp-json\/wp\/v2\/types\/product"}],"replies":[{"embeddable":true,"href":"https:\/\/littlevintage.pl\/en\/wp-json\/wp\/v2\/comments?post=1669"}],"version-history":[{"count":4,"href":"https:\/\/littlevintage.pl\/en\/wp-json\/wp\/v2\/product\/1669\/revisions"}],"predecessor-version":[{"id":7821,"href":"https:\/\/littlevintage.pl\/en\/wp-json\/wp\/v2\/product\/1669\/revisions\/7821"}],"wp:featuredmedia":[{"embeddable":true,"href":"https:\/\/littlevintage.pl\/en\/wp-json\/wp\/v2\/media\/1787"}],"wp:attachment":[{"href":"https:\/\/littlevintage.pl\/en\/wp-json\/wp\/v2\/media?parent=1669"}],"wp:term":[{"taxonomy":"product_cat","embeddable":true,"href":"https:\/\/littlevintage.pl\/en\/wp-json\/wp\/v2\/product_cat?post=1669"},{"taxonomy":"product_tag","embeddable":true,"href":"https:\/\/littlevintage.pl\/en\/wp-json\/wp\/v2\/product_tag?post=1669"}],"curies":[{"name":"wp","href":"https:\/\/api.w.org\/{rel}","templated":true}]}}