{"id":353,"date":"2018-05-11T09:25:12","date_gmt":"2018-05-11T09:25:12","guid":{"rendered":"http:\/\/littlevintage.pl\/?page_id=353"},"modified":"2025-12-05T13:14:14","modified_gmt":"2025-12-05T13:14:14","slug":"platnosci","status":"publish","type":"page","link":"https:\/\/littlevintage.pl\/en\/platnosci\/","title":{"rendered":"Payments"},"content":{"rendered":"<p>P\u0142atno\u015bci za zakupione produkty nied\u0142ugo b\u0119dzie mo\u017cna dokona\u0107 korzystaj\u0105c z platformy Przelewy24, w tej chwili dost\u0119pna jest jedynie p\u0142atno\u015b\u0107 przelewem tradycyjnym.<br \/>\nKwot\u0119 zam\u00f3wienia nale\u017cy wp\u0142aci\u0107 na nast\u0119puj\u0105ce dane:<\/p>\n<p>Kuba Persona-W\u00f3jcicki<\/p>\n<p>ul. Franciszka \u0141ukaszczyka 34\/9<\/p>\n<p>02-781 Warszawa<\/p>\n<p>Tytu\u0142em: nr zam\u00f3wienia<\/p>\n<p>Nr rachunku w MBank:<\/p>\n<p>66 1140 2004 0000 3002 7772 9381<\/p>","protected":false},"excerpt":{"rendered":"<p>P\u0142atno\u015bci za zakupione produkty nied\u0142ugo b\u0119dzie mo\u017cna dokona\u0107 korzystaj\u0105c z platformy Przelewy24, w tej chwili dost\u0119pna jest jedynie p\u0142atno\u015b\u0107 przelewem tradycyjnym. Kwot\u0119 zam\u00f3wienia nale\u017cy wp\u0142aci\u0107 na nast\u0119puj\u0105ce dane: Kuba Persona-W\u00f3jcicki ul. Franciszka \u0141ukaszczyka 34\/9 02-781 Warszawa Tytu\u0142em: nr zam\u00f3wienia Nr rachunku w MBank: 66 1140 2004 0000 3002 7772 9381<\/p>","protected":false},"author":1,"featured_media":0,"parent":0,"menu_order":0,"comment_status":"closed","ping_status":"closed","template":"","meta":{"_exactmetrics_skip_tracking":false,"_exactmetrics_sitenote_active":false,"_exactmetrics_sitenote_note":"","_exactmetrics_sitenote_category":0},"_links":{"self":[{"href":"https:\/\/littlevintage.pl\/en\/wp-json\/wp\/v2\/pages\/353"}],"collection":[{"href":"https:\/\/littlevintage.pl\/en\/wp-json\/wp\/v2\/pages"}],"about":[{"href":"https:\/\/littlevintage.pl\/en\/wp-json\/wp\/v2\/types\/page"}],"author":[{"embeddable":true,"href":"https:\/\/littlevintage.pl\/en\/wp-json\/wp\/v2\/users\/1"}],"replies":[{"embeddable":true,"href":"https:\/\/littlevintage.pl\/en\/wp-json\/wp\/v2\/comments?post=353"}],"version-history":[{"count":11,"href":"https:\/\/littlevintage.pl\/en\/wp-json\/wp\/v2\/pages\/353\/revisions"}],"predecessor-version":[{"id":7956,"href":"https:\/\/littlevintage.pl\/en\/wp-json\/wp\/v2\/pages\/353\/revisions\/7956"}],"wp:attachment":[{"href":"https:\/\/littlevintage.pl\/en\/wp-json\/wp\/v2\/media?parent=353"}],"curies":[{"name":"wp","href":"https:\/\/api.w.org\/{rel}","templated":true}]}}