{"id":254,"date":"2018-05-08T05:58:44","date_gmt":"2018-05-08T05:58:44","guid":{"rendered":"http:\/\/littlevintage.pl\/?page_id=254"},"modified":"2025-12-05T13:12:42","modified_gmt":"2025-12-05T13:12:42","slug":"kontakt","status":"publish","type":"page","link":"https:\/\/littlevintage.pl\/en\/kontakt\/","title":{"rendered":"Contact"},"content":{"rendered":"<p><img width=\"768\" height=\"461\" src=\"https:\/\/littlevintage.pl\/wp-content\/uploads\/2021\/03\/Dodaj-naglowek-768x461.png\" alt=\"\" loading=\"lazy\" srcset=\"https:\/\/littlevintage.pl\/wp-content\/uploads\/2021\/03\/Dodaj-naglowek-768x461.png 768w, https:\/\/littlevintage.pl\/wp-content\/uploads\/2021\/03\/Dodaj-naglowek-500x300.png 500w, https:\/\/littlevintage.pl\/wp-content\/uploads\/2021\/03\/Dodaj-naglowek-700x420.png 700w, https:\/\/littlevintage.pl\/wp-content\/uploads\/2021\/03\/Dodaj-naglowek-300x180.png 300w, https:\/\/littlevintage.pl\/wp-content\/uploads\/2021\/03\/Dodaj-naglowek-16x10.png 16w, https:\/\/littlevintage.pl\/wp-content\/uploads\/2021\/03\/Dodaj-naglowek.png 1000w\" sizes=\"(max-width: 768px) 100vw, 768px\"><\/p>\n<p>Je\u015bli masz w\u0105tpliwo\u015bci, chcesz zapyta\u0107 o produkt, nawi\u0105za\u0107 wsp\u00f3\u0142prac\u0119, lub zwyczajnie nie mo\u017cesz si\u0119 zdecydowa\u0107: napisz \ud83d\ude42<\/p>\n<div role=\"form\" class=\"wpcf7\" id=\"wpcf7-f400-o1\" lang=\"pl-PL\" dir=\"ltr\">\n<div class=\"screen-reader-response\"><p role=\"status\" aria-live=\"polite\" aria-atomic=\"true\"><\/p> <ul><\/ul><\/div>\n<form action=\"\/en\/wp-json\/wp\/v2\/pages\/254#wpcf7-f400-o1\" method=\"post\" class=\"wpcf7-form init\" novalidate=\"novalidate\" data-status=\"init\" data-trp-original-action=\"\/en\/wp-json\/wp\/v2\/pages\/254#wpcf7-f400-o1\">\n<div style=\"display: none;\">\n<input type=\"hidden\" name=\"_wpcf7\" value=\"400\" \/>\n<input type=\"hidden\" name=\"_wpcf7_version\" value=\"5.5.2\" \/>\n<input type=\"hidden\" name=\"_wpcf7_locale\" value=\"pl_PL\" \/>\n<input type=\"hidden\" name=\"_wpcf7_unit_tag\" value=\"wpcf7-f400-o1\" \/>\n<input type=\"hidden\" name=\"_wpcf7_container_post\" value=\"0\" \/>\n<input type=\"hidden\" name=\"_wpcf7_posted_data_hash\" value=\"\" \/>\n<input type=\"hidden\" name=\"_wpcf7_recaptcha_response\" value=\"\" \/>\n<\/div>\n<p><label> Imi\u0119 i nazwisko (wymagane)<br \/>\n    <span class=\"wpcf7-form-control-wrap your-name\"><input type=\"text\" name=\"your-name\" value=\"\" size=\"40\" class=\"wpcf7-form-control wpcf7-text wpcf7-validates-as-required\" aria-required=\"true\" aria-invalid=\"false\" \/><\/span> <\/label><\/p>\n<p><label> Adres email (wymagane)<br \/>\n    <span class=\"wpcf7-form-control-wrap your-email\"><input type=\"email\" name=\"your-email\" value=\"\" size=\"40\" class=\"wpcf7-form-control wpcf7-text wpcf7-email wpcf7-validates-as-required wpcf7-validates-as-email\" aria-required=\"true\" aria-invalid=\"false\" \/><\/span> <\/label><\/p>\n<p><label> Temat<br \/>\n    <span class=\"wpcf7-form-control-wrap your-subject\"><input type=\"text\" name=\"your-subject\" value=\"\" size=\"40\" class=\"wpcf7-form-control wpcf7-text\" aria-invalid=\"false\" \/><\/span> <\/label><\/p>\n<p><label> Tre\u015b\u0107 wiadomo\u015bci<br \/>\n    <span class=\"wpcf7-form-control-wrap your-message\"><textarea name=\"your-message\" cols=\"40\" rows=\"10\" class=\"wpcf7-form-control wpcf7-textarea\" aria-invalid=\"false\"><\/textarea><\/span> <\/label><\/p>\n<p><span class=\"wpcf7-form-control-wrap acceptance-880\"><span class=\"wpcf7-form-control wpcf7-acceptance\"><span class=\"wpcf7-list-item\"><label><input type=\"checkbox\" name=\"acceptance-880\" value=\"1\" aria-invalid=\"false\" \/><span class=\"wpcf7-list-item-label\">Wyra\u017cam zgod\u0119 na przechowywanie danych osobowych i przetwarzanie ich w celu kontaktu zwrotnego. Administratorem moich danych osobowych podanych w formularzu kontaktu jest Kuba Persona-W\u00f3jcicki, ul. Franciszka \u0141ukaszczyka 34\/9, 02-781 Warszawa NIP9512245152, REGON380412544. Szczeg\u00f3\u0142y zwi\u0105zane z przetwarzaniem danych osobowych znajduj\u0105 si\u0119 w zak\u0142adce <a href=\"https:\/\/littlevintage.pl\/en\/polityka-prywatnosci-i-pliki-cookies\/\">Polityka Prywatno\u015bci<\/a>.<\/span><\/label><\/span><\/span><\/span><\/p>\n<p><input type=\"submit\" value=\"Wy\u015blij\" class=\"wpcf7-form-control has-spinner wpcf7-submit\" \/><\/p>\n<div class=\"wpcf7-response-output\" aria-hidden=\"true\"><\/div><input type=\"hidden\" name=\"trp-form-language\" value=\"en\"\/><\/form><\/div>\n<p>A je\u015bli wolisz porozmawia\u0107, zadzwo\u0144 (pn. &#8211; pt. 10:00-17:00): +48 577 331 020<\/p>","protected":false},"excerpt":{"rendered":"<p>Je\u015bli masz w\u0105tpliwo\u015bci, chcesz zapyta\u0107 o produkt, nawi\u0105za\u0107 wsp\u00f3\u0142prac\u0119, lub zwyczajnie nie mo\u017cesz si\u0119 zdecydowa\u0107: napisz \ud83d\ude42 A je\u015bli wolisz porozmawia\u0107, zadzwo\u0144 (pn. &#8211; pt. 10:00-17:00): +48 577 331 020<\/p>","protected":false},"author":1,"featured_media":0,"parent":0,"menu_order":0,"comment_status":"closed","ping_status":"closed","template":"","meta":{"_exactmetrics_skip_tracking":false,"_exactmetrics_sitenote_active":false,"_exactmetrics_sitenote_note":"","_exactmetrics_sitenote_category":0},"_links":{"self":[{"href":"https:\/\/littlevintage.pl\/en\/wp-json\/wp\/v2\/pages\/254"}],"collection":[{"href":"https:\/\/littlevintage.pl\/en\/wp-json\/wp\/v2\/pages"}],"about":[{"href":"https:\/\/littlevintage.pl\/en\/wp-json\/wp\/v2\/types\/page"}],"author":[{"embeddable":true,"href":"https:\/\/littlevintage.pl\/en\/wp-json\/wp\/v2\/users\/1"}],"replies":[{"embeddable":true,"href":"https:\/\/littlevintage.pl\/en\/wp-json\/wp\/v2\/comments?post=254"}],"version-history":[{"count":15,"href":"https:\/\/littlevintage.pl\/en\/wp-json\/wp\/v2\/pages\/254\/revisions"}],"predecessor-version":[{"id":7955,"href":"https:\/\/littlevintage.pl\/en\/wp-json\/wp\/v2\/pages\/254\/revisions\/7955"}],"wp:attachment":[{"href":"https:\/\/littlevintage.pl\/en\/wp-json\/wp\/v2\/media?parent=254"}],"curies":[{"name":"wp","href":"https:\/\/api.w.org\/{rel}","templated":true}]}}